{"id":29,"date":"2017-06-09T17:30:04","date_gmt":"2017-06-09T17:30:04","guid":{"rendered":"https:\/\/ub.csm-design.de\/?page_id=29"},"modified":"2022-05-12T11:34:54","modified_gmt":"2022-05-12T11:34:54","slug":"introductory-literature","status":"publish","type":"page","link":"https:\/\/webarchiv-ulrich-beck.soziologie.uni-muenchen.de\/en\/introductory-literature\/","title":{"rendered":"Introductory Literature"},"content":{"rendered":"<p><\/p>\n<h1><strong>Introductory literature to Ulrich Beck and his work<br \/>\n<\/strong><\/h1>\n<h2>In English<\/h2>\n<ul>\n<li>Michael Rustin (1994): Incomplete Modernity: Ulrich Beck\u2019s Risk Society, in: Radical Philosophy 67: 3-12<\/li>\n<li>John Adams (1995): The Risk Society, in: idem: Risk. London\/New York: Routledge, pp. 179-195<\/li>\n<li>Jeffrey C. Alexander (1996): Critical Reflections on \u2018Reflexive Modernization\u2019, in: Theory, Culture &amp; Society 13(4): 133-138<\/li>\n<li>Michael Power (1997): From Risk Society to Audit Society, in: Soziale Systeme 3(1): 3-21<\/li>\n<li>John Allen and Nick Henry (1997): Ulrich Beck\u2019s Risk Society at Work: Labour and Employment in the Contract Service Industries, in: Transactions of the Institute of British Geographers 22(2): 180-196<\/li>\n<li>Brent K. Marshall (1999): Globalisation, Environmental Degradation and Ulrich Beck\u2019s Risk Society, in: Environmental Values 8(2): 253-275<\/li>\n<li>Nick Stevenson (2001): Ulrich Beck, in: Anthony Elliot and Bryan S. Turner (eds): Profiles in Contemporary Social Theory. London\/Thousand Oaks\/New Delhi: Sage, pp. 304-314<\/li>\n<li>Anthony Elliott (2002): Beck\u2019s Sociology of Risk: A Critical Assessment, in: Sociology 36(2): 293-315<\/li>\n<li>Joost van Loon (2002): Ulrich Beck, in: Anthony Elliott and Larry Ray (eds): Key Contemporary Social Theorists. Oxford, UK\/Malden, MA: Blackwell, pp. 45.51<\/li>\n<li>Barbara Adam (2003): Reflexive Modernization Temporalized, in: Theory, Culture &amp; Society 20(2): 59-78<\/li>\n<li>Gabe Mythen (2004): Ulrich Beck: A Critical Introduction to the Risk Society. London: Pluto Press<\/li>\n<li>Natan Sznaider (2005): Beck, Ulrich, in: George Ritzer (ed.): <a href=\"http:\/\/philosociology.com\/UPLOADS\/_PHILOSOCIOLOGY.ir_Encyclopedia%20of%20Social%20Theory.%20Vols.%201%20v%202_COMPLETE_Ritzer%20G.(ed)_2005_1030%20pgs.pdf\" target=\"_blank\" rel=\"noopener\">Encyclopedia of Social Theory<\/a>. Thousand Oaks: Sage Publications, pp. 41-42<\/li>\n<li>Christine Skelton (2005): The \u2018Individualized\u2019 (Woman) in the Academy: Ulrich Beck, Gender and Power, in: Gender and Education 17(3):319-332<\/li>\n<li>Yee-Kuang Heng (2006): The \u2018Transformation of War\u2019 Debate: Through the Looking Glass of Ulrich Beck\u2019s \u201cWorld Risk Society\u201d, in: International Relations 20(1): 69-91<\/li>\n<li>Darryl S. L. Jarvis (2007): Risk, Globalisation and the State: A Critical Appraisal of Ulrich Beck and the World Risk Society Thesis, in: Global Society: Journal of Interdisciplinary International Relations 21(1): 23-46<\/li>\n<li>Anna Olofsson and Susanna Ohman (2007): Views of Risk in Sweden: Global Fatalism and Local Control \u2013 An Empirical Investigation of Ulrich Beck\u2019s Theory of New Risks, in: Journal of Risk Research 10(2):177-196<\/li>\n<li>Will Atkinson (2007): Beck, Individualization and the Death of Class: A Critique, in: British Journal of Sociology 58(3 ): 349-366<\/li>\n<li>Gabe Mythen (2007): Reappraising the Risk Society Thesis, in: Current Sociology 55(6 ): 793-813<\/li>\n<li>William Smith (2008): A Cosmopolitan Sociology: Ulrich Beck\u2019s Trilogy on the Global Age, in: Global Networks 8(2): 253-259.<\/li>\n<li>Raymond L.M. Lee (2008): In Search of Second Modernity: Reinterpreting Reflexive Modernization in the Context of Multiple Modernities, in: Social Science Information 47(1): 55-69<\/li>\n<li>Luke Martell (2008): Beck\u2019s Cosmopolitan Politics, in: Contemporary Politics 14(2): 129-143<\/li>\n<li>Antoon Braeckman (2008): Reflexive Modernization and the End of the Nation State: On the Eclipse of the Political in Ulrich Beck\u2019s Cosmopolitanism, in: Ethical Perspectives 15(3): 343-367<\/li>\n<li>M. J. Williams (2008): (In)Security Studies, Reflexive Modernization and the Risk Society, in: Cooperation &amp; Conflict 43(1): 57-79<\/li>\n<li>William Outhwaite (2009): Canon Formation in Late 20th-Century British Sociology, in: Sociology 43(6): 1029-1045<\/li>\n<li>Luke Martell (2009): Global Inequality, Human Rights and Power: A Critique of Ulrich Beck\u2019s Cosmopolitanism, in: Critical Sociology 35(2 ): 253-272<\/li>\n<li>Craig Calhoun (2010): Beck, Asia and Second Modernity, in: British Journal of Sociology 61(3 ): 597-619<\/li>\n<li>George Ritzer and Zeynep Atalay (eds) (2010): Readings in Globalization: Key Concepts and Major Debates. Chichester, West Sussex\/Malden, MA: Wiley-Blackwell<\/li>\n<li>Wilkinson, Iain (2011): Ulrich Beck, in: George Ritzer and Jeffrey Stepnisky (eds): The Wiley-Blackwell Companion to Major Social Theorists: Volume II Contemporary Social Theorists, pp. 480-499<\/li>\n<li>Lewis Holloway (2011): Ulrich Beck, in: Phil Hubbard and Rob Kitchin (eds): Key Thinkers on Space and Place. Los Angeles\/London\/New Delhi\/Singapore\/Washington DC: Sage, pp. 55-62<\/li>\n<li>Michael Heinlein, Cordula Kropp, Judith Neumer, Angelika Poferl and Regina R\u00f6mhild (eds) (2012): Futures of Modernity: Challenges for Cosmopolitical Thought and Practice. Bielefeld: transcript Verlag<\/li>\n<li>Michael Leahy (2013): Ulrich Beck\u2019s Cosmopolitanisation Thesis: A Philosophical Critique, in: Australian Journal of Political Science 48(2): 152-163<\/li>\n<li>Mads P. S\u00f8rensen and Allan Christiansen (2013): Ulrich Beck: An Introduction to the Theory of Second Modernity and the Risk Society. Abingdon, Oxon\/New York: Routledge<\/li>\n<li>Gabe Mythen (2013): Ulrich Beck, Cosmopolitanism and the Individualization of Religion, in: Theory, Culture &amp; Society 30(3): 114-127<\/li>\n<li>Simon Speck (2013): Ulrich Beck\u2019s \u2018Reflecting Faith\u2019: Individualization, Religion and the Desecularization of Reflexive Modernity, in: Sociology 47(1): 157-172<\/li>\n<li>James S. Ormrod (2013): Beyond World Risk Society? A Critique of Ulrich Beck\u2019s World Risk Society Thesis as a Framework for Understanding Risk Associated with Human Activity in Outer Space, in: Environment and Planning D \u2013 Society &amp; Space 31(4): 727-744<\/li>\n<li>Dan Woodman, Steven Threadgold and Alphia Possamai-Inesedy (2015): Prophet of a New Modernity: Ulrich Beck&#8217;s Legacy for Sociology, in: Journal of Sociology 51(4): 1117-1131<\/li>\n<li>Global Dialogue: Magazine of the International Sociological Association (2015): <a href=\"https:\/\/globaldialogue.isa-sociology.org\/archive\/issue-5-2-june-2015\" target=\"_blank\" rel=\"noopener\">Volume 5, Issue 2<\/a><\/li>\n<li>Dean Curran (2015): Risk Illusion and Organized Irresponsibility in Contemporary Finance: Rethinking Class and Risk Society, in: Economy and Society 44(3): 392-417<\/li>\n<li>Julia S. Guivant (2016): Ulrich Beck\u2019s Legacy, in: Ambiente &amp; Sociedade 19(1): 227-237<\/li>\n<li>Dean Curran (2016): Risk Society and Marxism: Beyond Simple Antagonism, in: Journal of Classical Sociology 16(3 ): 280-296<\/li>\n<li>Sabine Selchow (2016): The Paths Not (Yet) Taken: Ulrich Beck, the \u2018Cosmopolitized World\u2019 and Security Studies, in Security Dialogue 47(5): 369-385<\/li>\n<li>Matthias Gross (2016): Risk as Zombie Category: Ulrich Beck\u2019s Unfinished Project of the \u2018Non-Knowledge\u2019 Society, in Security Dialogue 47(5): 386-402<\/li>\n<li>Gabe Mythen and Sandra Walklate (2016): Not knowing, Emancipatory Catastrophism and Metamorphosis: Embracing the Spirit of Ulrich Beck, in Security Dialogue 47(5): 403-419<\/li>\n<\/ul>\n<h3>Ulrich Beck in Asia: In Commemoration, in: Theory, Culture &amp; Society<\/h3>\n<ul>\n<li>Han, Sang-Jin (2016): The Legacy of Ulrich Beck in Asia: Introduction. In: Theory, Culture &amp; Society 33(7-8): 253-256<\/li>\n<li>Blok, Anders (2016): Urban Climate Risk Communities: East Asian World Cities as Cosmopolitan Spaces of Collective Action? In: Theory, Culture &amp; Society 33(7-8): 271-279<\/li>\n<li>Han, Sang-Jin\/Shim, Young-Hee\/Park, Young-Do (2016): Cosmopolitan Sociology and Confucian Worldview: Beck\u2019s Theory in East Asia. In: Theory, Culture &amp; Society 33(7-8): 281-290<\/li>\n<li>Levy, Daniel (2016): Cosmopolitanizing Catastrophism: Remembering the Future. In: Theory, Culture &amp; Society 33(7-8): 291-299<\/li>\n<li>Tyfield, David (2016): Realizing the Beckian Vision: Cosmopolitan Cosmopolitanism and Low-Carbon China as Political Education. In: Theory, Culture &amp; Society 33(7-8): 301-309<\/li>\n<li>Wieviorka, Michel (2016): Ulrich Beck: Some Ideas for Tomorrow. In: Theory, Culture &amp; Society 33(7-8): 311-316<\/li>\n<\/ul>\n<hr \/>\n<h2>In German<\/h2>\n<ul>\n<li>Peter Franz (1981): Eine Argumentation aus dem Elfenbeinturm: Anmerkungen zu einem Aufsatz von Ulrich Beck, in: Soziale Welt 32(3): 381-385<\/li>\n<li>Siegfried Rosner (1985): Anmerkungen zu Ulrich Beck und Wolfgang Bon\u00df: \u201eSoziologie und Modernisierung\u201c, in: Soziale Welt 36(3): 389-397<\/li>\n<li>Wilhelm Schumm (1986): Die Risikoproduktion kapitalistischer Industriegesellschaften. Zur These von der Risikogesellschaft, in: Rainer Erd, Otto Jacobi und Wilhelm Schumm (Hg.): Strukturwandel in der Industriegesellschaft. Frankfurt a. M.\/New York: Campus Verlag, S. 161-168<\/li>\n<li>Rainer Wolf (1987): Zur Antiquiertheit des Rechts in der Risikogesellschaft, in: Leviathan 15(3): 357-391<\/li>\n<li>Hans Joas (1988): Das Risiko der Gegenwartsdiagnose, in: Soziologische Revue 11(1): 1-6<\/li>\n<li>Klaus: D\u00f6rre (1988): Risikokapitalismus. Zur Kritik von Ulrich Becks Weg in eine andere Moderne. Marburg: Verlag Arbeiterbewegung und Gesellschaftswissenschaft<\/li>\n<li>Thomas Blanke (1988): Der Pr\u00e4ventionsstaat in der Risikogesellschaft, in: Roland Appel, Dieter Hummel und Wolfgang Hippe (Hg.): Die Neue Sicherheit. Vom Notstand zur Sozialen Kontrolle. K\u00f6ln: K\u00f6lner Volksblatt Verlag, S. 191-202<\/li>\n<li>Rainer Wolf (1988): \u201eHerrschaft kraft Wissen\u201c in der Risikogesellschaft, in: Soziale Welt 39(2): 164-187<\/li>\n<li>Gisela M\u00fcller-Brandeck-Bocquet (1988): Technologiefolgenabsch\u00e4tzung \u2013 ein gangbarer Weg aus der \u201eRisikogesellschaft\u201c. Das Beispiel kerntechnischer Folgenabsch\u00e4tzung in der Bundesrepublik Deutschland, in: Soziale Welt 39(2): 144-163<\/li>\n<li>G\u00fcnther Stahlmann (1988): Grundsicherung in der \u201eRisikogesellschaft\u201c durch \u201egemeinn\u00fctzige und zus\u00e4tzliche Arbeit\u201c nach dem BSHG. Ein Reformvorschlag, in: Michael Opielka und Margherita Zander (Hg.): Freiheit von Armut. Das GR\u00dcNE Grundsicherungsmodell in der Diskussion. Essen: Klartext-Verlag, S. 76-95<\/li>\n<li>Herbert Gottweis (1988): Politik in der Risikogesellschaft, in: \u00d6sterreichische Zeitschrift f\u00fcr Politikwissenschaft 17(1): 3-15<\/li>\n<li>Mario Schmidt (Hg.) (1989): Leben in der Risikogesellschaft. Der Umgang mit modernen Zivilisationsrisiken. Karlsruhe: Verlag C.F. M\u00fcller<\/li>\n<li>Michael Bock (1989): Vor\u00fcberlegungen zur rechtspolitischen Bew\u00e4ltigung der Risikogesellschaft, in: Zeitschrift f\u00fcr Rechtssoziologie 10(2): 255-264<\/li>\n<li>Gert Br\u00fcggemeier (1989): Umwelthaftungsrecht. Ein Beitrag zum Recht der \u201eRisikogesellschaft\u201c?, in: Kritische Justiz: Vierteljahresschrift f\u00fcr Recht und Politik, 22(2): 209-230<\/li>\n<li>Adalbert Evers (1989): Risiko und Individualisierung. Was in Ulrich Becks \u201eRisikogesellschaft\u201c unbegriffen bleibt, in: Kommune 7(6): 33-49<\/li>\n<li>Thomas Blanke (1990): Zur Aktualit\u00e4t des Risikobegriffs. \u00dcber die Konstruktion der Welt und die Wissenschaft von ihr, in: Leviathan 18(1): 134-143<\/li>\n<li>Ditmar Brock (1991):Die Risikogesellschaft und das Risiko soziologischer Zuspitzung, in: Zeitschrift f\u00fcr Soziologie 20(1): 12-24<\/li>\n<li>Tilman Evers (Hg.) (1991): Organisierte Unverantwortlichkeit. Zur Rechts- und Institutionskritik der Risikogesellschaft bei Ulrich Beck [Dokumentation einer Tagung der Evangelischen Akademie Hofgeismar, 17. &#8211; 19. November 1989]. Hofgeismarer Protokolle 287, Evangelische Akademie Hofgeismar<\/li>\n<li>Ronald Hitzler (1992): Risiko: Eine \u00f6ffentliche Inszenierung \u2013 im Rekurs auf Ulrich Beck, in: Sozialwissenschaftliche Informationen 21(2): 102-109<\/li>\n<li>Wolfgang Bon\u00df (1992): Risiko und Angst. Zum Funktionswandel der Angst in der Risikogesellschaft, in: Sozialwissenschaftliche Informationen: Geschichte Politik Wirtschaft 21(2): 95-101<\/li>\n<li>Ludger Pries (1992): Betrieblicher Wandel als reflexive Modernisierung. Die Chancen der Risikogesellschaft, in: \u00d6sterreichische Zeitschrift f\u00fcr Soziologie 17(2): 17-31<\/li>\n<li>Gerlinde M\u00fcller und Angelika Schacht (Hg.) (1994): Zur Verwendung soziologischen Wissens. Ulrich Beck zum f\u00fcnfzigsten Geburtstag (Sonderband 50 von \u201aSoziale Welt\u2019). G\u00f6ttingen: Schwartz<\/li>\n<li>\u00c4sthetik &amp; Kommunikation (1994): Im Dschungel der politisierten Gesellschaft. Ulrich Beck in der Diskussion Heft 85\/86. Jahrgang 23<\/li>\n<li>Eduard Zwierlein (1994): Verantwortung in der Risikogesellschaft, in: ders. (Hg.): Verantwortung in der Risikogesellschaft. Ethische Herausforderung in einer ver\u00e4nderten Welt. Idstein: Schulz-Kirchner Verlag, S. 19-37<\/li>\n<li>Thomas Rauschenbach (1994): Inszenierte Solidarit\u00e4t: Soziale Arbeit in der Risikogesellschaft, in: Ulrich Beck und Elisabeth Beck-Gernsheim (Hg.): Riskante Freiheiten: Individualisierung in modernen Gesellschaften. Frankfurt a. M.: Suhrkamp, S. 89-111<\/li>\n<li>Helmut Wiesenthal (1994): Lernchancen der Risikogesellschaft. \u00dcber gesellschaftliche Innovationspotentiale und die Grenzen der Risikosoziologie, in: Leviathan 22(1): 135-159<\/li>\n<li>Karin B\u00f6llert (1995): Alltag und Alltagshandeln in der Risikogesellschaft, in: Neue Praxis 25(3): 262-265<\/li>\n<li>Nicola Ebers (1995): Individualisierung. Georg Simmel, Norbert Elias, Ulrich Beck: W\u00fcrzburg: K\u00f6nigshausen &amp; Neumann<\/li>\n<li>Annette Treibel (1996): Norbert Elias und Ulrich Beck. Individualisierungssch\u00fcbe im theoretischen Vergleich, in: Karl-Siegbert Rehberg (Hg.): Norbert Elias und die Menschenwissenschaften: Studien zur Entstehung und Wirkungsgeschichte seines Werkes. Frankfurt a. M.: Suhrkamp, S. 424-433<\/li>\n<li>Markus Schroer (1997): Individualisierte Gesellschaft, in: Georg Kneer, Armin Nassehi und Markus Schroer (Hg.): Soziologische Gesellschaftsbegriffe. Konzepte moderner Zeitdiagnosen. M\u00fcnchen: Fink, S. 157-183<\/li>\n<li>Markus Schroer (1997):Kampf um Lebenschancen zur Risikobeobachtung der Risikobewegungen in der Risikogesellschaft, in: Toru Hijikata und Armin Nassehi (Hg.): Riskante Strategien: Beitr\u00e4ge zur Soziologie des Risikos. Opladen: Westdeutscher Verlag, S. 109-140<\/li>\n<li>Armin Nassehi (1997): Risikogesellschaft, in: Georg Kneer, Armin Nassehi und Markus Schroer (Hg.): Soziologische Gesellschaftsbegriffe: Konzepte moderner Zeitdiagnosen. M\u00fcnchen: Fink, S. 252-279<\/li>\n<li>B\u00e4rbel Meurer (1997): Geschlechtsfeudale \u201eSt\u00e4ndegesellschaft\u201c oder \u201eGesellschaft der Individuen\u201c ein Vergleich der Theorieans\u00e4tze von Ulrich Beck und Norbert Elias, in: Gabriele Klein und Katharina Liebsch (Hg.): Zivilisierung des weiblichen Ich. Frankfurt a. M.: Suhrkamp, S. 400-421<\/li>\n<li>Kerstin Pohl (1997): Das \u201eBeck-Risiko\u201c. Wie eine fragw\u00fcrdige Gesellschaftsdiagnose zu einem allgemeinen Dogma der Politikdidaktik avancierte, in: Politische Bildung 30(2): 174-190<\/li>\n<li>Johannes Weiss (1998): Die zweite Moderne \u2013 eine neue Suhrkamp-Edition, in: Soziologische Revue 21(4): 415-426<\/li>\n<li>J\u00fcrgen Friedrichs (Hg.) (1998): Die Individualisierungs-These. Opladen: Leske und Budrich<\/li>\n<li>Thomas Schwinn (1999): Gibt es eine \u201eZweite Moderne\u201c? \u00dcber den Umgang mit soziologischen Diagnosen, in: Soziale Welt 50(4): 423-432<\/li>\n<li>Kerstin Kleinst\u00fcck (1999): Individualisierung in der japanischen Gesellschaft: Japan im Spiegel der Beck\u2018schen Individualisierungsthese. Hagen: ISL-Verlag<\/li>\n<li>Ute Volkmann (2000): Das schwierige Leben in der \u201eZweiten Moderne\u201c \u2013 Ulrich Becks \u201eRisikogesellschaft\u201c, in: Uwe Schimank und Ute Volkmann (Hg.): Soziologische Gegenwartsdiagnosen 1. Eine Bestandsaufnahme. Opladen: Leske und Budrich, S. 23-40<\/li>\n<li>Sabine A. Haring (2000): Modernisierungstheorien in der Soziologie gestern und heute: Max Weber und Ulrich Beck im Vergleich, in: Sabine A. Haring und Katharina Scherke (Hg.): Analyse und Kritik der Modernisierung in den Wissenschaften um 1900 und um 2000. Wien: Passagen-Verlag, S. 283-322<\/li>\n<li>Reiner Keller (2000): Der M\u00fcll in der \u00d6ffentlichkeit. Reflexive Modernisierung als kulturelle Transformation. Ein deutsch-franz\u00f6sischer Vergleich, in: Soziale Welt 51(3): 245-265<\/li>\n<li>Ronald Hitzler (2000): Die Wiederentdeckung der Handlungspotentiale. Problemstellungen politischer Soziologie unter den Bedingungen reflexiver Modernisierung, in: Zeitschrift f\u00fcr Politik 47(2): 183-200<\/li>\n<li>Gertraude Mikl-Horke (2001): Die Zweite Moderne als politisches Projekt, in: dies.: Soziologie: Historischer Kontext und soziologische Theorie-Entw\u00fcrfe. M\u00fcnchen\/Wien: Oldenbourg, S. 375-382<\/li>\n<li>Volker Stork (2001): Die \u201eZweite Moderne\u201c \u2013 ein Markenartikel? Zur Antiquiertheit und Negativit\u00e4t der Gesellschaftsutopie von Ulrich Beck. Konstanz: UVK Verlagsgesellschaft<\/li>\n<li>Erwin Teufel (Hg.) (2001): Von der Risikogesellschaft zur Chancengesellschaft. Frankfurt a. M.: Suhrkamp<\/li>\n<li>Klaus D\u00f6rre (2002): Reflexive Modernisierung \u2013 eine \u00dcbergangstheorie. Zum analytischen Potenzial einer popul\u00e4ren soziologischen Zeitdiagnose, in: SOFI-Mitteilungen Nr. 30; S. 55-67<\/li>\n<li>Richard M\u00fcnch (2002): Die \u201eZweite Moderne\u201c: Realit\u00e4t oder Fiktion? Kritische Fragen an die Theorie der \u201ereflexiven\u201c Modernisierung, in: K\u00f6lner Zeitschrift f\u00fcr Soziologie und Sozialpsychologie 54(3): 417-443<\/li>\n<li>Matthias Iser (2002): Riskante Moderne. Zur Gegenwartsdiagnose bei Ulrich Beck, J\u00fcrgen Habermas und Axel Honneth, in: \u00c4sthetik und Kommunikation 33(116): 27-34<\/li>\n<li>Hans Joas und Wolfgang Kn\u00f6bl (2004): Sozialtheorie. Zwanzig einf\u00fchrende Vorlesungen. Frankfurt a. M.: Suhrkamp 2004 [Hans Joas and Wolfgang Kn\u00f6bl (2009): XVIII \u2013 A crisis of modernity? New diagnoses (Ulrich Beck, Zygmunt Bauman, Robert Bellah, and the debate between liberals and communitarians); pp. 463-499, in: Hans Joas and Wolfgang Kn\u00f6bl: Social Theory: Twenty Introductory Lectures. Cambridge, UK: Cambridge University Press]<\/li>\n<li>Angelika Poferl und Natan Sznaider (Hg.) (2004): Ulrich Becks kosmopolitisches Projekt. Auf den Weg in eine andere Soziologie. Baden-Baden: Nomos Verlagsgesellschaft<\/li>\n<li>Gisela Riescher (2004): Ulrich Beck, in: dies. (Hg.): Politische Theorie der Gegenwart in Einzeldarstellungen von Adorno bis Young. Stuttgart: Kr\u00f6ner, S. 43-46<\/li>\n<li>Ronald Hitzler (2005): Ulrich Beck, in: Dirk Kaesler (Hg.): Aktuelle Theorien der Soziologie. M\u00fcnchen: C.H. Beck, S. 267-285<\/li>\n<li>Hubert Wissing (2005): Methodologischer Nationalismus und reflexive Soziologie. Ulrich Beck, Pierre Bourdieu und die Grenzen im soziologischen Sprachgebrauch, in: Holger Huget, Chryssoula Kambas, Wolfgang Klein (Hg.): Grenz\u00fcberschreitungen. Differenz und Identit\u00e4t im Europa der Gegenwart. Wiesbaden: VS Verlag f\u00fcr Sozialwissenschaften, S. 139-150<\/li>\n<li>Robert Picht (2005): Europa \u2013 ein kosmopolitisches Empire? Ulrich Becks reflexive Modernisierung schreitet voran, in: Merkur 59(669): 59-64<\/li>\n<li>Hubert Wissing (2006):Intellektuelle Grenzg\u00e4nge. Pierre Bourdieu und Ulrich Beck zwischen Wissenschaft und Politik. Wiesbaden: VS Verlag. f\u00fcr Sozialwissenschaften<\/li>\n<li>Angelika Poferl (2006): Ulrich Beck. F\u00fcr einen \u201eKosmopolitismus mit Wurzeln und Fl\u00fcgeln\u201c, in: Stephan Moebius und Dirk Quadflieg (Hg.): Kultur. Theorien der Gegenwart. Wiesbaden: VS Verlag f\u00fcr Sozialwissenschaften, S. 531-544<\/li>\n<li>Tine Stein (2007): Ulrich Beck. Risikogesellschaft (1986), in: Manfred Brocker (Hg.): Geschichte des politischen Denkens. Ein Handbuch Frankfurt a. M.: Suhrkamp, S. 728-742<\/li>\n<li>Werner Simon (2007): Soziologischer Empirismus und problemorientierte Zeitdiagnose. Eine philosophische Untersuchung zur gesellschaftstheoretischen Begr\u00fcndungslogik bei Weber, Habermas und Beck. Marburg: Tectum Verlag<\/li>\n<li>Annette Treibel (2009): Dualit\u00e4t von Handlung und Struktur (Beck; Giddens), in: dies.: Einf\u00fchrung in soziologische Theorien der Gegenwart. Wiesbaden: Springer Fachmedien, S. 229-254<\/li>\n<li>Heinz Abels (2009): Beck: Individualisierung und reflexive Modernisierung, in: ders.: Einf\u00fchrung in die Soziologie. Band 1: Der Blick auf die Gesellschaft. Wiesbaden. VS Verlag f\u00fcr Sozialwissenschaften, S. 355-363<\/li>\n<li>Thomas Kron (2009): Reflexive Modernisierung und die \u00dcberwindung kategorialer Dichotomien des Terrorismus, in: Schweizerische Zeitschrift f\u00fcr Soziologie 35(1): 117-136<\/li>\n<li>William J. Hoye (2009): Muss man w\u00e4hlen zwischen Frieden oder Wahrheit? Begr\u00fcndungen der Toleranz bei Ulrich Beck und Thomas von Aquin, in: Theologie und Philosophie: Vierteljahresschrift 84(3): 374-383<\/li>\n<li>Wilhelm Eppler (2009): Religion mit Risiken und Nebenwirkungen: Ulrich Beck zum Verh\u00e4ltnis von Religion, Gewalt und Individualisierung, in: Theologische Beitr\u00e4ge 40(2): 133-138<\/li>\n<li>Peter A. Berger und Ronald Hitzler (Hg.) (2010): Individualisierungen. Ein Vierteljahrhundert \u201ejenseits von Stand und Klasse\u201c? Wiesbaden. VS Verlag f\u00fcr Sozialwissenschaften\/Springer Fachmedien<\/li>\n<li>Thomas Kron (2010): Ulrich Becks Theorie reflexiver Modernisierung, in: ders.: Zeitgen\u00f6ssische soziologische Theorien. Zentrale Beitr\u00e4ge aus Deutschland. Wiesbaden. VS Verlag f\u00fcr Sozialwissenschaften\/Springer Fachmedien, S. 157-187<\/li>\n<li>Jessica Wilde (2010): Ulrich Beck: Die Risikogesellschaft als Wegbereiter der Wissensgesellschaft?, in: Anina Engelhardt und Laura Kajetzke (Hg.): Handbuch Wissensgesellschaft. Theorien, Themen und Probleme. Bielefeld: transcript Verlag, S. 35-42<\/li>\n<li>Elmar Koenen (2013): Was vom Staate \u00fcbrig blieb. Ulrich Becks Weg vom \u201efeindlosen\u201c zum \u201ekosmopolitischen\u201c Staat, in: Harald Bergbauer (Hg.): Kulturtheoretiker denken den Staat. Der Staat im Werk ausgew\u00e4hlter Kulturdenker des 20. Jahrhunderts. Baden-Baden: Nomos Verlagsgesellschaft, S. 221-248<\/li>\n<li>Oliver R\u00f6mer (2014): Eine Theorie transnationaler Staatlichkeit. Ulrich Becks kosmopolitische Soziologie, in: ders.: Globale Vergesellschaftung: Perspektiven einer postnationalen Soziologie. Frankfurt a.M.\/New York Campus Verlag, S. 195-268<\/li>\n<li>Benjamin Steiner (2015): Nebenfolgen in der Geschichte. Eine historische Soziologie reflexiver Modernisierung. Berlin\/M\u00fcnchen\/Boston: De Gruyter\/Oldenbourg<\/li>\n<li>Elisabeth Gebhardt (2016): Riskante Freiheit(en)? Das Individuum in Karl Barths Ethik: Eine Relekt\u00fcre anhand Ulrich Becks Individualisierungstheorem. Z\u00fcrich: Theologischer Verlag Z\u00fcrich<\/li>\n<li>Knut Petzold (2016): Vom methodologischen Kosmopolitismus zum methodologischen Lokalismus, in: Melanie Behrens, Wolf-Dietrich Bukow, Karin Cudak und Christoph Str\u00fcnck (Hg.): \u00dcberlegungen zum gegenw\u00e4rtigen Verh\u00e4ltnis von Mobilit\u00e4t und Diversit\u00e4t in der Stadtgesellschaft. Wiesbaden. Springer VS, S. 97-115<\/li>\n<li>Bernhard Sch\u00e4fers (2016): Risikogesellschaft, Individualisierung und reflexive Moderne \u2013 Ulrich Beck, in: Gesellschaft Wirtschaft Politik: Sozialwissenschaften f\u00fcr politische Bildung 65(1): 93-99<\/li>\n<li>Sven Opitz (2016): Neue Kollektivit\u00e4ten: Das Kosmopolitische bei Bruno Latour und Ulrich Beck, in: Soziale Welt 63(3): 249-266<\/li>\n<\/ul>\n<p><\/p>","protected":false},"excerpt":{"rendered":"<p>Introductory literature to Ulrich Beck and his work In English Michael Rustin (1994): Incomplete Modernity: Ulrich Beck\u2019s Risk Society, in:<\/p>\n","protected":false},"author":4,"featured_media":0,"parent":0,"menu_order":0,"comment_status":"closed","ping_status":"closed","template":"template-works.php","meta":{"footnotes":""},"categories":[4],"class_list":["post-29","page","type-page","status-publish","hentry","category-works"],"_links":{"self":[{"href":"https:\/\/webarchiv-ulrich-beck.soziologie.uni-muenchen.de\/en\/wp-json\/wp\/v2\/pages\/29","targetHints":{"allow":["GET"]}}],"collection":[{"href":"https:\/\/webarchiv-ulrich-beck.soziologie.uni-muenchen.de\/en\/wp-json\/wp\/v2\/pages"}],"about":[{"href":"https:\/\/webarchiv-ulrich-beck.soziologie.uni-muenchen.de\/en\/wp-json\/wp\/v2\/types\/page"}],"author":[{"embeddable":true,"href":"https:\/\/webarchiv-ulrich-beck.soziologie.uni-muenchen.de\/en\/wp-json\/wp\/v2\/users\/4"}],"replies":[{"embeddable":true,"href":"https:\/\/webarchiv-ulrich-beck.soziologie.uni-muenchen.de\/en\/wp-json\/wp\/v2\/comments?post=29"}],"version-history":[{"count":6,"href":"https:\/\/webarchiv-ulrich-beck.soziologie.uni-muenchen.de\/en\/wp-json\/wp\/v2\/pages\/29\/revisions"}],"predecessor-version":[{"id":687,"href":"https:\/\/webarchiv-ulrich-beck.soziologie.uni-muenchen.de\/en\/wp-json\/wp\/v2\/pages\/29\/revisions\/687"}],"wp:attachment":[{"href":"https:\/\/webarchiv-ulrich-beck.soziologie.uni-muenchen.de\/en\/wp-json\/wp\/v2\/media?parent=29"}],"wp:term":[{"taxonomy":"category","embeddable":true,"href":"https:\/\/webarchiv-ulrich-beck.soziologie.uni-muenchen.de\/en\/wp-json\/wp\/v2\/categories?post=29"}],"curies":[{"name":"wp","href":"https:\/\/api.w.org\/{rel}","templated":true}]}}